{"id":1341,"date":"2017-04-03T16:28:22","date_gmt":"2017-04-03T14:28:22","guid":{"rendered":"http:\/\/sportland.bz\/privacy-cookies\/"},"modified":"2017-05-18T17:58:51","modified_gmt":"2017-05-18T15:58:51","slug":"privacy-cookies","status":"publish","type":"page","link":"http:\/\/sportland.bz\/it\/privacy-cookies\/","title":{"rendered":"Privacy &#038; Cookies"},"content":{"rendered":"<p>[vc_row row_type=&#8221;row&#8221; use_row_as_full_screen_section=&#8221;no&#8221; type=&#8221;grid&#8221; text_align=&#8221;left&#8221; padding_top=&#8221;108&#8243; padding_bottom=&#8221;78&#8243; css_animation=&#8221;&#8221;][vc_column offset=&#8221;vc_col-md-5&#8243;][vc_column_text]<\/p>\n<h2>Privacy &amp; Cookies<\/h2>\n<p>[\/vc_column_text][vc_empty_space height=&#8221;30px&#8221;][\/vc_column][vc_column offset=&#8221;vc_col-md-7&#8243;][vc_column_text]<strong>Informativa resa ai sensi del DLGS del 30\/06\/2003 &#8220;CODICE DELLA PRIVACY&#8221;<\/strong><\/p>\n<p>&nbsp;<\/p>\n<p>Ai sensi dell&#8217;art. 13, Dlgs 30 giugno 2003 nr. 196, INFORMIAMO che la Kofler Joachim &amp; Co. OHG a socio unico tratta dati personali di clienti e fornitori e di soggetti che comunicano volontariamente (telefonicamente o via fax o via e-mail) i loro dati anagrafici a noi. Tutti questi dati personali sono esclusivamente di natura comune. La nostra ditta garantisce nell&#8217;ambito delle previsioni normative che il trattamento dei dati personali si svolge nel rispetto dei diritti e delle libert\u00e1 fondamentali, nonch\u00e9 della dignit\u00e1 dell&#8217;interessato, con particolare riferimento alla riservatezza, all&#8217;identit\u00e1 personale e al diritto alla protezione dei dati personali.<\/p>\n<p>&nbsp;<\/p>\n<p><strong>Finalit\u00e0 del trattamento:<\/strong><\/p>\n<p>&nbsp;<\/p>\n<ul>\n<li>adempiere gli obblighi di legge, dai regolamenti, dalla normativa comunitaria, da norme civilistiche e fiscali<\/li>\n<li>adempiere agli eventuali obblighi contrattuali nei confronti del interessato;<\/li>\n<li>adempiere attivit\u00e1 connessi all&#8217;attivit\u00e1 economica della nostra societ\u00e1, come compilazione delle anagrafiche e statistiche interne, per la fatturazione, la tenuta della conablit\u00e1 clienti-fornitori<\/li>\n<li>finalit\u00e0 di tipo commerciale, come invio di informazioni commerciali e materiale pubblicitario (via posta, fax ed e-mail), di marketing e ricerche di mercato;<\/li>\n<li>la tutela dei crediti e la gestione dei debiti;<\/li>\n<li>finalit\u00e0 previdenziali ed assicurative;<\/li>\n<\/ul>\n<p>&nbsp;<\/p>\n<p>In relazione alle su indicate finalit\u00e0 i Suoi dati personali verranno comunicati se necessario:<\/p>\n<p>&nbsp;<\/p>\n<ul>\n<li>alle Pubbliche Amministrazioni ed Autorit\u00e0, ove previsto dalla legge,<\/li>\n<li>ad Istituti di credito con cui la ns. ditta ha rapporti per la gestione dei crediti\/debiti e l&#8217;intermediazione finanziaria,<\/li>\n<li>a tutte quelle persone fisiche e\/o giuridiche, pubbliche e\/o private (studi di consulenza legale, amministrativa e fiscale, studi di consulenza del lavoro per la compilazione della busta paga, uffici giudiziari, amere di Commercio, Camere ed uffici del Lavoro ecc.), quando la comunicazione risulti necessaria o funzionale allo svolgimento dell a nostra attivit\u00e1 e nei modi e per le finalit\u00e1 sopra elencate.<\/li>\n<\/ul>\n<p>&nbsp;<\/p>\n<p>&nbsp;<\/p>\n<p>I dati personali trattati dalla nostra ditta non sono soggetto a diffusione Il trattamento potr\u00e0 effettuarsi con o senza l&#8217;ausilio di mezzi elettronici e comunque automatizzati e comprender\u00e0 tutte le operazioni previste all&#8217;art. 4 comma 1, lettera a, , Dlgs 30 giugno 2003 nr. 196 e necessarie al trattamento in questione. Comunque il trattamento sar\u00e1 effettuato con l&#8217;osservanza di ogni misura cautelativa, che ne garantisce la sicurezza e la riservatezza.<\/p>\n<p>Il Codice della Privacy conferisce agli interessati l&#8217;esercizio di specifici diritti di cui all&#8217;art. 7. In particolare pu\u00f3 ottenere dal titolare la conferma dell&#8217;esistenza o meno di propri dati personali che lo riguardano e la loro comunicazione in forma intelligibile. L&#8217;interessato pu\u00f3 altres\u00ed chiedere di conoscere l&#8217;origine dei dati, le finalit\u00e1 e modalit\u00e0 del trattamento nonch\u00e9 la logica applicato in caso trattamento effettuato con l&#8217;ausilio di strumenti elettronici, l&#8217;identificazione degli estremi identificativi del titolare, dei responsabili nominati e dei soggetti e categorie di soggetti ai quali i dati possono essere comunicati o che possono venire a conoscenza. L&#8217;interessato ha il diritto di ottenere l&#8217;aggiornamento, la rettificazione, l&#8217;integrazione, la cancellazione, la trasformazione in via anonima o il blocco dei dati trattati in violazione di legge. L&#8217;interessato ha diritto di opporsi, in tutto o in parte, per motivi legittimi al trattamento dei dati personali che lo riguardano, ancorch\u00e9 pertinenti allo scopo della raccolta, e senza motivo al trattamento che lo riguarda a fini di invio di materiale pubblicitario o di vendita diretta o per il compimento di ricerche di mercato o di comunicazione commerciale. I diritti in oggetto possono essere esercitati, anche per il tramite di un incaricato, mediante richiesta rivolta al responsabile nominato (Responsabile Kofler Joachim &amp; Co. OHG, Via Conciatori 2, I-39015 San Leonardo in Passiria (BZ)) con lettera raccomandata o email all&#8217;indirizzo: sportland@rolmail.net<\/p>\n<p>&nbsp;<\/p>\n<p>Il titolare del trattamento \u00e8:<br \/>\nKofler Joachim &amp; Co. OHG, Via Conciatori 2, I-39015 San Leonardo in Passiria (BZ)<\/p>\n<p>&nbsp;<\/p>\n<p>Il responsabile del trattamento:<br \/>\nSig. Kofler Joachim<\/p>\n<p>&nbsp;<\/p>\n<p>&nbsp;<\/p>\n<p><strong>Cookies<\/strong><\/p>\n<p>&nbsp;<\/p>\n<p>Su questo sito web vengono utilizzati &#8220;Cookie&#8221;. Cookie sono file di testo che vengono depositati sul Vostro computer e che raccolgono i dati di utilizzo del sito per l&#8217;analisi da un servizio web come Google Analytics. Queste informazioni, compreso l&#8217;indirizzo IP, non verranno memorizzate solo a livello locale ma anche trasmesse e memorizzate al server di Google Inc. L\u00ec saranno utilizzati per l&#8217;evaluazione statistica dell&#8217;utilizzo di questo sito web che verr\u00e0 inoltrata al gestore del sito o per altri servizi connessi con l&#8217;uso del sito web. Google non assocer\u00e0 il vostro indirizzo IP a altri dati. I vostri dati tuttavia possono essere comunicati, in conformit\u00e0 con le norme di legge, a terzi al fine di elaborare essi per conto di Google Inc. L&#8217;uso di cookie pu\u00f2 essere impedito tramite un impostazione riguardante del Vostro browser. Voremmo per\u00f2 avvisarVi che questo potrebbe limitare severamente l&#8217;utilizzo di questo sito web. Utilizzando questo sito web, l&#8217;utente accetta l&#8217;elaborazione dei dati appena descritta.[\/vc_column_text][vc_empty_space height=&#8221;30px&#8221;][\/vc_column][\/vc_row]<\/p>\n","protected":false},"excerpt":{"rendered":"<p>[vc_row row_type=&#8221;row&#8221; use_row_as_full_screen_section=&#8221;no&#8221; type=&#8221;grid&#8221; text_align=&#8221;left&#8221; padding_top=&#8221;108&#8243; padding_bottom=&#8221;78&#8243; css_animation=&#8221;&#8221;][vc_column offset=&#8221;vc_col-md-5&#8243;][vc_column_text] Privacy &amp; Cookies [\/vc_column_text][vc_empty_space height=&#8221;30px&#8221;][\/vc_column][vc_column offset=&#8221;vc_col-md-7&#8243;][vc_column_text]Informativa resa ai sensi del DLGS del 30\/06\/2003 &#8220;CODICE DELLA PRIVACY&#8221; &nbsp; Ai sensi dell&#8217;art. 13, Dlgs 30 giugno 2003 nr. 196, INFORMIAMO che la Kofler Joachim &amp; Co. OHG a&#8230;<\/p>\n","protected":false},"author":2,"featured_media":0,"parent":0,"menu_order":0,"comment_status":"closed","ping_status":"closed","template":"full_width.php","meta":[],"_links":{"self":[{"href":"http:\/\/sportland.bz\/it\/wp-json\/wp\/v2\/pages\/1341"}],"collection":[{"href":"http:\/\/sportland.bz\/it\/wp-json\/wp\/v2\/pages"}],"about":[{"href":"http:\/\/sportland.bz\/it\/wp-json\/wp\/v2\/types\/page"}],"author":[{"embeddable":true,"href":"http:\/\/sportland.bz\/it\/wp-json\/wp\/v2\/users\/2"}],"replies":[{"embeddable":true,"href":"http:\/\/sportland.bz\/it\/wp-json\/wp\/v2\/comments?post=1341"}],"version-history":[{"count":3,"href":"http:\/\/sportland.bz\/it\/wp-json\/wp\/v2\/pages\/1341\/revisions"}],"predecessor-version":[{"id":1346,"href":"http:\/\/sportland.bz\/it\/wp-json\/wp\/v2\/pages\/1341\/revisions\/1346"}],"wp:attachment":[{"href":"http:\/\/sportland.bz\/it\/wp-json\/wp\/v2\/media?parent=1341"}],"curies":[{"name":"wp","href":"https:\/\/api.w.org\/{rel}","templated":true}]}}